{"id":8,"date":"2018-12-31T10:53:56","date_gmt":"2018-12-31T09:53:56","guid":{"rendered":"https:\/\/www.mediterrane-pflanzen.eu\/WPMP\/wordpress\/?page_id=8"},"modified":"2019-03-15T19:59:40","modified_gmt":"2019-03-15T18:59:40","slug":"leistungen","status":"publish","type":"page","link":"https:\/\/www.mediterrane-pflanzen.eu\/index.php\/leistungen\/","title":{"rendered":"Leistungen"},"content":{"rendered":"\n<p>Ob in der Gastronomie, einer repr\u00e4sentativen Au\u00dfenanlage eines Hotels oder einem \u00f6ffentlichen Gro\u00dfprojekt: Wir realisieren Ihre Pl\u00e4ne und W\u00fcnsche.<\/p>\n\n\n\n<p>Bei der Entwicklung ma\u00dfgeschneiderter L\u00f6sungen verbinden wir Kreativit\u00e4t mit sachlich fundierter Planung und Sorgfalt. Dabei orientieren wir uns sowohl an Ihren individuellen W\u00fcnschen und Interessen als auch an der bereits vorhandenen Vegetation, der Topographie und der Geb\u00e4udearchitektur. Nat\u00fcrlich werden auch Faktoren, wie zuk\u00fcnftiger Pflegeaufwand und anfallende Kosten in die Wahl der Pflanzen mit einbezogen. Wir begleiten Sie von der ersten Idee bis hin zur Pflanzenlieferung und Inkorporierung in Ihre bestehende Anlage. Das Ergebnis: ein rundum stimmiges Konzept, welches Ihnen und Ihren Kunden Freude bereitet.<\/p>\n\n\n\n<ul class=\"wp-block-gallery columns-3 is-cropped wp-block-gallery-1 is-layout-flex wp-block-gallery-is-layout-flex\"><li class=\"blocks-gallery-item\"><figure><img fetchpriority=\"high\" decoding=\"async\" width=\"1024\" height=\"768\" src=\"https:\/\/www.mediterrane-pflanzen.eu\/WPMP\/wordpress\/wp-content\/uploads\/2019\/01\/IMG_8013-1024x768.jpg\" alt=\"\" data-id=\"76\" data-link=\"https:\/\/www.mediterrane-pflanzen.eu\/WPMP\/wordpress\/index.php\/leistungen\/img_8013\/\" class=\"wp-image-76\" srcset=\"https:\/\/www.mediterrane-pflanzen.eu\/wp-content\/uploads\/2019\/01\/IMG_8013-1024x768.jpg 1024w, https:\/\/www.mediterrane-pflanzen.eu\/wp-content\/uploads\/2019\/01\/IMG_8013-300x225.jpg 300w, https:\/\/www.mediterrane-pflanzen.eu\/wp-content\/uploads\/2019\/01\/IMG_8013-768x576.jpg 768w\" sizes=\"(max-width: 1024px) 100vw, 1024px\" \/><\/figure><\/li><li class=\"blocks-gallery-item\"><figure><img decoding=\"async\" width=\"1024\" height=\"768\" src=\"https:\/\/www.mediterrane-pflanzen.eu\/WPMP\/wordpress\/wp-content\/uploads\/2019\/01\/IMG_7945-1024x768.jpg\" alt=\"\" data-id=\"78\" data-link=\"https:\/\/www.mediterrane-pflanzen.eu\/WPMP\/wordpress\/index.php\/leistungen\/img_7945\/\" class=\"wp-image-78\" srcset=\"https:\/\/www.mediterrane-pflanzen.eu\/wp-content\/uploads\/2019\/01\/IMG_7945-1024x768.jpg 1024w, https:\/\/www.mediterrane-pflanzen.eu\/wp-content\/uploads\/2019\/01\/IMG_7945-300x225.jpg 300w, https:\/\/www.mediterrane-pflanzen.eu\/wp-content\/uploads\/2019\/01\/IMG_7945-768x576.jpg 768w\" sizes=\"(max-width: 1024px) 100vw, 1024px\" \/><\/figure><\/li><li class=\"blocks-gallery-item\"><figure><img decoding=\"async\" width=\"1024\" height=\"768\" src=\"https:\/\/www.mediterrane-pflanzen.eu\/WPMP\/wordpress\/wp-content\/uploads\/2019\/01\/121815-1024x768.jpeg\" alt=\"\" data-id=\"74\" data-link=\"https:\/\/www.mediterrane-pflanzen.eu\/WPMP\/wordpress\/index.php\/leistungen\/attachment\/121815\/\" class=\"wp-image-74\" srcset=\"https:\/\/www.mediterrane-pflanzen.eu\/wp-content\/uploads\/2019\/01\/121815-1024x768.jpeg 1024w, https:\/\/www.mediterrane-pflanzen.eu\/wp-content\/uploads\/2019\/01\/121815-300x225.jpeg 300w, https:\/\/www.mediterrane-pflanzen.eu\/wp-content\/uploads\/2019\/01\/121815-768x576.jpeg 768w, https:\/\/www.mediterrane-pflanzen.eu\/wp-content\/uploads\/2019\/01\/121815.jpeg 1600w\" sizes=\"(max-width: 1024px) 100vw, 1024px\" \/><\/figure><\/li><li class=\"blocks-gallery-item\"><figure><img loading=\"lazy\" decoding=\"async\" width=\"1024\" height=\"768\" src=\"https:\/\/www.mediterrane-pflanzen.eu\/WPMP\/wordpress\/wp-content\/uploads\/2019\/01\/IMG_8345-1024x768.jpg\" alt=\"\" data-id=\"80\" data-link=\"https:\/\/www.mediterrane-pflanzen.eu\/WPMP\/wordpress\/index.php\/leistungen\/img_8345\/\" class=\"wp-image-80\" srcset=\"https:\/\/www.mediterrane-pflanzen.eu\/wp-content\/uploads\/2019\/01\/IMG_8345-1024x768.jpg 1024w, https:\/\/www.mediterrane-pflanzen.eu\/wp-content\/uploads\/2019\/01\/IMG_8345-300x225.jpg 300w, https:\/\/www.mediterrane-pflanzen.eu\/wp-content\/uploads\/2019\/01\/IMG_8345-768x576.jpg 768w\" sizes=\"(max-width: 1024px) 100vw, 1024px\" \/><\/figure><\/li><li class=\"blocks-gallery-item\"><figure><img loading=\"lazy\" decoding=\"async\" width=\"1024\" height=\"768\" src=\"https:\/\/www.mediterrane-pflanzen.eu\/WPMP\/wordpress\/wp-content\/uploads\/2019\/01\/121817-1024x768.jpeg\" alt=\"\" data-id=\"73\" data-link=\"https:\/\/www.mediterrane-pflanzen.eu\/WPMP\/wordpress\/index.php\/leistungen\/attachment\/121817\/\" class=\"wp-image-73\" srcset=\"https:\/\/www.mediterrane-pflanzen.eu\/wp-content\/uploads\/2019\/01\/121817-1024x768.jpeg 1024w, https:\/\/www.mediterrane-pflanzen.eu\/wp-content\/uploads\/2019\/01\/121817-300x225.jpeg 300w, https:\/\/www.mediterrane-pflanzen.eu\/wp-content\/uploads\/2019\/01\/121817-768x576.jpeg 768w, https:\/\/www.mediterrane-pflanzen.eu\/wp-content\/uploads\/2019\/01\/121817.jpeg 1600w\" sizes=\"(max-width: 1024px) 100vw, 1024px\" \/><\/figure><\/li><\/ul>\n\n\n\n<hr class=\"wp-block-separator\"\/>\n\n\n\n<h4 class=\"wp-block-heading\">Pflanzen<\/h4>\n\n\n\n<ul class=\"wp-block-list\"><li>Angebot einer Vielfalt mediterraner Pflanzen&nbsp;in Premium Qualit\u00e4t&nbsp;<\/li><li>Pers\u00f6nlich f\u00fcr Sie ausgew\u00e4hlt in Italien und Spanien<\/li><li>Fachkundige Beratung in der Zusammenstellung f\u00fcr Ihre Anforderungen<\/li><li>Zuverl\u00e4ssige Unterst\u00fctzung in der Pflege&nbsp;<\/li><li>Konkurrenzf\u00e4hige Preise&nbsp;<\/li><\/ul>\n\n\n\n<h4 class=\"wp-block-heading\">Design &amp; Konzepte<br><\/h4>\n\n\n\n<ul class=\"wp-block-list\"><li>Kreative Konzeptentwicklung f\u00fcr Au\u00dfenanlagen &#8211; sinnlich, klassisch, formenreich<\/li><li>Individuelle Ma\u00dfnahmen f\u00fcr Hotel- und Restaurantbetriebe, sowie \u00f6ffentliche Gro\u00dfprojekte<\/li><li>Neue Ideen mit ungew\u00f6hnlichen Kontrasten, die Ihren Betrieb neue Ma\u00dfst\u00e4be setzen lassen<\/li><li>Sorgf\u00e4ltige Planung und Realisation<\/li><\/ul>\n\n\n\n<h4 class=\"wp-block-heading\">Umsetzung<\/h4>\n\n\n\n<ul class=\"wp-block-list\"><li>Begleitung vom ersten Konzept, bis zur fertigen Anlage<\/li><li>Lieferung und Einbau (innerhalb Deutschlands)<\/li><li>Gewissenhafte Organisation des Bauprozesses<\/li><li>Gegebenenfalls Einbindung von spezialisierten Partnerfirmen<\/li><li>Promotion Ihres Restaurants auf unseren Online-Platformen<\/li><\/ul>\n\n\n\n<p>   <\/p>\n\n\n\n<div class=\"wp-block-button alignleft is-style-outline is-style-outline--2\"><a class=\"wp-block-button__link\" href=\"https:\/\/www.mediterrane-pflanzen.eu\/index.php\/projekte\/\">Abgeschlossene Projekte<\/a><\/div>\n\n\n\n<p><\/p>\n\n\n\n<p><\/p>\n\n\n\n<h4 class=\"wp-block-heading\">Events<\/h4>\n\n\n\n<ul class=\"wp-block-list\"><li>Bereitstellung von mediterranen Pflanzen f\u00fcr tempor\u00e4re Events<\/li><li>Die Liebe zum Detail auf Hochzeiten, Geburtstagen oder Privatfeiern<\/li><li>Inklusive Lieferung, Einbau und Abholung<\/li><\/ul>\n\n\n\n<p>   <\/p>\n\n\n\n<div class=\"wp-block-button is-style-outline is-style-outline--3\"><a class=\"wp-block-button__link\" href=\"https:\/\/www.mediterrane-pflanzen.eu\/index.php\/events\/\">Events<\/a><\/div>\n\n\n\n<p>  <\/p>\n\n\n\n<h4 class=\"wp-block-heading\">Vertriebspartner<\/h4>\n\n\n\n<ul class=\"wp-block-list\"><li>Mediterrane Pflanzen.eu GmbH als Kooperationspartner und Lieferant f\u00fcr Kleinbetriebe<\/li><li>25 Jahre unserer selbstst\u00e4ndigen Erfahrung in der gr\u00fcnen Branche zur Optimierungen Ihrer Wirtschaftlichkeit\u00a0<\/li><li>Integration effektiver F\u00fchrungswerkzeuge und -techniken\u00a0<\/li><li>Kontaktkn\u00fcpfen und Ausbau Ihres professionellen Netzwerkes<\/li><li>Steigerung der Produktivit\u00e4t und Auftragspotentiale<\/li><\/ul>\n\n\n\n<p><\/p>\n\n\n\n<div class=\"wp-block-button is-style-outline is-style-outline--4\"><a class=\"wp-block-button__link\" href=\"https:\/\/www.mediterrane-pflanzen.eu\/index.php\/handelspartner\/\">Unsere Handelspartner<\/a><\/div>\n","protected":false},"excerpt":{"rendered":"<p>Ob in der Gastronomie, einer repr\u00e4sentativen Au\u00dfenanlage eines Hotels oder einem \u00f6ffentlichen Gro\u00dfprojekt: Wir realisieren Ihre Pl\u00e4ne und W\u00fcnsche. Bei der Entwicklung ma\u00dfgeschneiderter L\u00f6sungen verbinden wir Kreativit\u00e4t mit sachlich fundierter Planung und Sorgfalt. Dabei orientieren wir uns sowohl an Ihren individuellen W\u00fcnschen und Interessen als auch an der bereits vorhandenen Vegetation, der Topographie und der &hellip;<\/p>\n<p class=\"read-more\"> <a class=\"\" href=\"https:\/\/www.mediterrane-pflanzen.eu\/index.php\/leistungen\/\"> <span class=\"screen-reader-text\">Leistungen<\/span> Weiterlesen &raquo;<\/a><\/p>\n","protected":false},"author":1,"featured_media":0,"parent":0,"menu_order":0,"comment_status":"closed","ping_status":"closed","template":"","meta":{"site-sidebar-layout":"default","site-content-layout":"default","ast-global-header-display":"","ast-main-header-display":"","ast-hfb-above-header-display":"","ast-hfb-below-header-display":"","ast-hfb-mobile-header-display":"","site-post-title":"","ast-breadcrumbs-content":"","ast-featured-img":"","footer-sml-layout":"","theme-transparent-header-meta":"","adv-header-id-meta":"","stick-header-meta":"","header-above-stick-meta":"","header-main-stick-meta":"","header-below-stick-meta":"","footnotes":""},"class_list":["post-8","page","type-page","status-publish","hentry"],"_links":{"self":[{"href":"https:\/\/www.mediterrane-pflanzen.eu\/index.php\/wp-json\/wp\/v2\/pages\/8","targetHints":{"allow":["GET"]}}],"collection":[{"href":"https:\/\/www.mediterrane-pflanzen.eu\/index.php\/wp-json\/wp\/v2\/pages"}],"about":[{"href":"https:\/\/www.mediterrane-pflanzen.eu\/index.php\/wp-json\/wp\/v2\/types\/page"}],"author":[{"embeddable":true,"href":"https:\/\/www.mediterrane-pflanzen.eu\/index.php\/wp-json\/wp\/v2\/users\/1"}],"replies":[{"embeddable":true,"href":"https:\/\/www.mediterrane-pflanzen.eu\/index.php\/wp-json\/wp\/v2\/comments?post=8"}],"version-history":[{"count":14,"href":"https:\/\/www.mediterrane-pflanzen.eu\/index.php\/wp-json\/wp\/v2\/pages\/8\/revisions"}],"predecessor-version":[{"id":740,"href":"https:\/\/www.mediterrane-pflanzen.eu\/index.php\/wp-json\/wp\/v2\/pages\/8\/revisions\/740"}],"wp:attachment":[{"href":"https:\/\/www.mediterrane-pflanzen.eu\/index.php\/wp-json\/wp\/v2\/media?parent=8"}],"curies":[{"name":"wp","href":"https:\/\/api.w.org\/{rel}","templated":true}]}}