{"id":7,"date":"2018-12-31T10:53:56","date_gmt":"2018-12-31T09:53:56","guid":{"rendered":"https:\/\/www.mediterrane-pflanzen.eu\/WPMP\/wordpress\/?page_id=7"},"modified":"2019-11-13T08:28:00","modified_gmt":"2019-11-13T07:28:00","slug":"hintergrund","status":"publish","type":"page","link":"https:\/\/www.mediterrane-pflanzen.eu\/index.php\/hintergrund\/","title":{"rendered":"Hintergrund"},"content":{"rendered":"\n<div class=\"wp-block-media-text alignwide\"><figure class=\"wp-block-media-text__media\"><img fetchpriority=\"high\" decoding=\"async\" width=\"682\" height=\"1024\" src=\"https:\/\/www.mediterrane-pflanzen.eu\/WPMP\/wordpress\/wp-content\/uploads\/2019\/01\/Thomas-Portrait-682x1024.jpg\" alt=\"\" class=\"wp-image-69\" srcset=\"https:\/\/www.mediterrane-pflanzen.eu\/wp-content\/uploads\/2019\/01\/Thomas-Portrait-682x1024.jpg 682w, https:\/\/www.mediterrane-pflanzen.eu\/wp-content\/uploads\/2019\/01\/Thomas-Portrait-200x300.jpg 200w, https:\/\/www.mediterrane-pflanzen.eu\/wp-content\/uploads\/2019\/01\/Thomas-Portrait-768x1152.jpg 768w, https:\/\/www.mediterrane-pflanzen.eu\/wp-content\/uploads\/2019\/01\/Thomas-Portrait.jpg 1872w\" sizes=\"(max-width: 682px) 100vw, 682px\" \/><\/figure><div class=\"wp-block-media-text__content\">\n<p>Thomas Bolte ist Gr\u00fcnder und Gesch\u00e4ftsf\u00fchrer von Mediterrane Pflanzen.eu GmbH. Er bringt Erfahrung von 25 Jahren Selbstst\u00e4ndigkeit in unterschiedlichsten Bereichen der gr\u00fcnen Branche mit sich. Trotz seiner Entscheidung vor sechs Jahren, sich auf die Expansion seines internationalen Handelsnetzwerkes zu fokussieren, ist immer wieder seine Leidenschaft am Gr\u00fcnen zum Vorschein gekommen. \u00dcber Kontakte in Pistoia, Italien, kam dann der erneute Impuls, mit Pflanzen zu handeln und weitergehend \u00fcber den Pfad der Landschaftsgestaltung seine Leidenschaft auszuleben.<\/p>\n<\/div><\/div>\n\n\n\n<p>Beim Besuch unterschiedlicher Hotels und Restaurants durch ganz Deutschland, fiel immer wieder auf, dass in die zu servierenden Speisen oder in die Inneneinrichtung des jeweiligen Ortes sehr viel Aufmerksamkeit gesteckt wurde, die pflanzlichen Anlagen im direkten Umfeld jedoch oft kaum beachtet wurden. Diese Erkenntnis f\u00fchrte zu einer tieferen Auseinandersetzung mit dem Thema und den Austausch mit mehreren Gastronomen und Hoteliers. Es stellte sich heraus, dass diejenigen, die unter anderem Wert auf die Au\u00dfenanlagen gelegt hatten, tats\u00e4chlich einen gr\u00f6\u00dferen Kundenzulauf genie\u00dfen konnten. Eine nachweislich erh\u00f6hte Frequenz der Kundenbesuche, sowie auch die Kontonuit\u00e4t von Ums\u00e4tzen, legitimiert somit eine Investition in diesem Bereich.<\/p>\n\n\n\n<p>In ganz Deutschland gibt es gro\u00dfes Potential im Rahmen von Gastronomien und Hotels dem Kunden die M\u00f6glichkeit zu geben sich eine Art Kurzurlaub zu erlauben, einen Ausriss aus dem Alltag in die mediterrane Welt der Entspannung und des Genie\u00dfens.<\/p>\n","protected":false},"excerpt":{"rendered":"<p>Thomas Bolte ist Gr\u00fcnder und Gesch\u00e4ftsf\u00fchrer von Mediterrane Pflanzen.eu GmbH. Er bringt Erfahrung von 25 Jahren Selbstst\u00e4ndigkeit in unterschiedlichsten Bereichen der gr\u00fcnen Branche mit sich. Trotz seiner Entscheidung vor sechs Jahren, sich auf die Expansion seines internationalen Handelsnetzwerkes zu fokussieren, ist immer wieder seine Leidenschaft am Gr\u00fcnen zum Vorschein gekommen. \u00dcber Kontakte in Pistoia, Italien, &hellip;<\/p>\n<p class=\"read-more\"> <a class=\"\" href=\"https:\/\/www.mediterrane-pflanzen.eu\/index.php\/hintergrund\/\"> <span class=\"screen-reader-text\">Hintergrund<\/span> Weiterlesen &raquo;<\/a><\/p>\n","protected":false},"author":1,"featured_media":0,"parent":0,"menu_order":0,"comment_status":"closed","ping_status":"closed","template":"","meta":{"site-sidebar-layout":"default","site-content-layout":"default","ast-global-header-display":"","ast-main-header-display":"","ast-hfb-above-header-display":"","ast-hfb-below-header-display":"","ast-hfb-mobile-header-display":"","site-post-title":"","ast-breadcrumbs-content":"","ast-featured-img":"","footer-sml-layout":"","theme-transparent-header-meta":"","adv-header-id-meta":"","stick-header-meta":"","header-above-stick-meta":"","header-main-stick-meta":"","header-below-stick-meta":"","footnotes":""},"class_list":["post-7","page","type-page","status-publish","hentry"],"_links":{"self":[{"href":"https:\/\/www.mediterrane-pflanzen.eu\/index.php\/wp-json\/wp\/v2\/pages\/7","targetHints":{"allow":["GET"]}}],"collection":[{"href":"https:\/\/www.mediterrane-pflanzen.eu\/index.php\/wp-json\/wp\/v2\/pages"}],"about":[{"href":"https:\/\/www.mediterrane-pflanzen.eu\/index.php\/wp-json\/wp\/v2\/types\/page"}],"author":[{"embeddable":true,"href":"https:\/\/www.mediterrane-pflanzen.eu\/index.php\/wp-json\/wp\/v2\/users\/1"}],"replies":[{"embeddable":true,"href":"https:\/\/www.mediterrane-pflanzen.eu\/index.php\/wp-json\/wp\/v2\/comments?post=7"}],"version-history":[{"count":10,"href":"https:\/\/www.mediterrane-pflanzen.eu\/index.php\/wp-json\/wp\/v2\/pages\/7\/revisions"}],"predecessor-version":[{"id":828,"href":"https:\/\/www.mediterrane-pflanzen.eu\/index.php\/wp-json\/wp\/v2\/pages\/7\/revisions\/828"}],"wp:attachment":[{"href":"https:\/\/www.mediterrane-pflanzen.eu\/index.php\/wp-json\/wp\/v2\/media?parent=7"}],"curies":[{"name":"wp","href":"https:\/\/api.w.org\/{rel}","templated":true}]}}