{"id":119,"date":"2019-01-06T21:15:38","date_gmt":"2019-01-06T20:15:38","guid":{"rendered":"https:\/\/www.mediterrane-pflanzen.eu\/WPMP\/wordpress\/?page_id=119"},"modified":"2019-01-13T20:56:10","modified_gmt":"2019-01-13T19:56:10","slug":"gastronomie-aussenanlagen","status":"publish","type":"page","link":"https:\/\/www.mediterrane-pflanzen.eu\/index.php\/gastronomie-aussenanlagen\/","title":{"rendered":"Gastronomie Au\u00dfenanlagen"},"content":{"rendered":"\n<!-- NOTE: If you need to make changes to this file, copy it to your current theme's main\n\tdirectory so your changes won't be overwritten when the plugin is upgraded. -->\n\n<!-- Post Wrap Start-->\n<div class=\"post hentry ivycat-post\">\n\n\t<!-- \tThis outputs the post TITLE -->\n\t<h2 class=\"entry-title\"><a href=\"https:\/\/www.mediterrane-pflanzen.eu\/index.php\/2018\/09\/13\/strandhaus-37-goettingen\/\">Strandhaus 37, G\u00f6ttingen<\/a><\/h2>\n\n\t<!-- \tThis outputs the post EXCERPT.  To display full content including images and html,\n\t\treplace the_excerpt(); with the_content();  below. -->\n\t<div class=\"entry-summary\">\n\t\t<p>Urlaub in G\u00f6ttingen? Genau das bietet das Strandhaus 37 in G\u00f6ttingen! Im Sommer 2018 er\u00f6ffnete die B\u00e4ckerei K\u00fcster den Freibadpark mit Sandstrand samt Caf\u00e9 zum fr\u00fchst\u00fccken, genie\u00dfen und entspannen. Um das Ganze abzurunden durften dort nat\u00fcrlich unsere mediterranen Pflanzen nicht fehlen&#8230; Zwischen im Wind wehenden Palmen und bl\u00fchenden Bougainvillea ist das Urlaubsfeeling ist vorprogrammiert! Weitere &hellip;<\/p>\n<p class=\"read-more\"> <a class=\"\" href=\"https:\/\/www.mediterrane-pflanzen.eu\/index.php\/2018\/09\/13\/strandhaus-37-goettingen\/\"> <span class=\"screen-reader-text\">Strandhaus 37, G\u00f6ttingen<\/span> Weiterlesen &raquo;<\/a><\/p>\n\t<\/div>\n\n\t<!--\tThis outputs the post META information -->\n\t<div class=\"entry-utility\">\n\t\t\t\t\t<span class=\"cat-links\">\n\t\t\t\t<span class=\"entry-utility-prep entry-utility-prep-cat-links\">Posted in<\/span> <a href=\"https:\/\/www.mediterrane-pflanzen.eu\/index.php\/category\/gastronomie-aussenanlagen\/\" rel=\"category tag\">Gastronomie Au\u00dfenanlagen<\/a>\t\t\t<\/span>\n\t\t\t<span class=\"meta-sep\">|<\/span>\n\t\t\t\t\t\t\t<span class=\"tag-links\">\n\t\t\t\t<span class=\"entry-utility-prep entry-utility-prep-tag-links\">Tagged<\/span> <a href=\"https:\/\/www.mediterrane-pflanzen.eu\/index.php\/tag\/restaurant-aussenanlagen\/\" rel=\"tag\">Restaurant Au\u00dfenanlagen<\/a>\t\t\t<\/span>\n\t\t\t<span class=\"meta-sep\">|<\/span>\n\t\t\t\t<span class=\"comments-link\">\n\t\t\t<a href=\"https:\/\/www.mediterrane-pflanzen.eu\/index.php\/2018\/09\/13\/strandhaus-37-goettingen\/#respond\">Leave a comment<\/a>\t\t<\/span>\n\t\t\t<\/div>\n<\/div>\n<!-- \/\/ Post Wrap End -->\n\n<!-- NOTE: If you need to make changes to this file, copy it to your current theme's main\n\tdirectory so your changes won't be overwritten when the plugin is upgraded. -->\n\n<!-- Post Wrap Start-->\n<div class=\"post hentry ivycat-post\">\n\n\t<!-- \tThis outputs the post TITLE -->\n\t<h2 class=\"entry-title\"><a href=\"https:\/\/www.mediterrane-pflanzen.eu\/index.php\/2018\/08\/13\/finca-bar-celona-hannover-garbsen\/\">Finca &#038; Bar Celona, Hannover Garbsen<\/a><\/h2>\n\n\t<!-- \tThis outputs the post EXCERPT.  To display full content including images and html,\n\t\treplace the_excerpt(); with the_content();  below. -->\n\t<div class=\"entry-summary\">\n\t\t\t<\/div>\n\n\t<!--\tThis outputs the post META information -->\n\t<div class=\"entry-utility\">\n\t\t\t\t\t<span class=\"cat-links\">\n\t\t\t\t<span class=\"entry-utility-prep entry-utility-prep-cat-links\">Posted in<\/span> <a href=\"https:\/\/www.mediterrane-pflanzen.eu\/index.php\/category\/gastronomie-aussenanlagen\/\" rel=\"category tag\">Gastronomie Au\u00dfenanlagen<\/a>\t\t\t<\/span>\n\t\t\t<span class=\"meta-sep\">|<\/span>\n\t\t\t\t\t\t\t<span class=\"tag-links\">\n\t\t\t\t<span class=\"entry-utility-prep entry-utility-prep-tag-links\">Tagged<\/span> <a href=\"https:\/\/www.mediterrane-pflanzen.eu\/index.php\/tag\/restaurant-aussenanlagen\/\" rel=\"tag\">Restaurant Au\u00dfenanlagen<\/a>\t\t\t<\/span>\n\t\t\t<span class=\"meta-sep\">|<\/span>\n\t\t\t\t<span class=\"comments-link\">\n\t\t\t<span>Kommentare deaktiviert<span class=\"screen-reader-text\"> f\u00fcr Finca &#038; Bar Celona, Hannover Garbsen<\/span><\/span>\t\t<\/span>\n\t\t\t<\/div>\n<\/div>\n<!-- \/\/ Post Wrap End -->\n\n<!-- NOTE: If you need to make changes to this file, copy it to your current theme's main\n\tdirectory so your changes won't be overwritten when the plugin is upgraded. -->\n\n<!-- Post Wrap Start-->\n<div class=\"post hentry ivycat-post\">\n\n\t<!-- \tThis outputs the post TITLE -->\n\t<h2 class=\"entry-title\"><a href=\"https:\/\/www.mediterrane-pflanzen.eu\/index.php\/2018\/06\/06\/aussenanlage-restaurant-mixx-lilienthal-bremen\/\">Au\u00dfenanlage Restaurant Mixx &#8211; Lilienthal, Bremen<\/a><\/h2>\n\n\t<!-- \tThis outputs the post EXCERPT.  To display full content including images and html,\n\t\treplace the_excerpt(); with the_content();  below. -->\n\t<div class=\"entry-summary\">\n\t\t<p>In diesem Italienischen Restaurant in Bremen Lilienthal haben wir vor Kurzem eine wundersch\u00f6ne Au\u00dfenanlage mit \u00fcppigen Olivenb\u00e4umen konstruiert. Der fr\u00fche hei\u00dfe Sommer sorgte hier f\u00fcr gro\u00dfe Nachfrage nach Sitzpl\u00e4tzen in der Sonne und kurzerhand wurde entschieden den Parkplatz umzuverwandeln. Mit Kies aufgesch\u00fcttet, gerahmt von blau-bl\u00fchenden&nbsp;Polygala Myrtifola und \u00d6lweiden-Spalieren unterschiedlicher Gr\u00f6\u00dfen, entsteht hier ein neuer Raum. &hellip;<\/p>\n<p class=\"read-more\"> <a class=\"\" href=\"https:\/\/www.mediterrane-pflanzen.eu\/index.php\/2018\/06\/06\/aussenanlage-restaurant-mixx-lilienthal-bremen\/\"> <span class=\"screen-reader-text\">Au\u00dfenanlage Restaurant Mixx &#8211; Lilienthal, Bremen<\/span> Weiterlesen &raquo;<\/a><\/p>\n\t<\/div>\n\n\t<!--\tThis outputs the post META information -->\n\t<div class=\"entry-utility\">\n\t\t\t\t\t<span class=\"cat-links\">\n\t\t\t\t<span class=\"entry-utility-prep entry-utility-prep-cat-links\">Posted in<\/span> <a href=\"https:\/\/www.mediterrane-pflanzen.eu\/index.php\/category\/gastronomie-aussenanlagen\/\" rel=\"category tag\">Gastronomie Au\u00dfenanlagen<\/a>\t\t\t<\/span>\n\t\t\t<span class=\"meta-sep\">|<\/span>\n\t\t\t\t\t\t\t<span class=\"tag-links\">\n\t\t\t\t<span class=\"entry-utility-prep entry-utility-prep-tag-links\">Tagged<\/span> <a href=\"https:\/\/www.mediterrane-pflanzen.eu\/index.php\/tag\/restaurant-aussenanlagen\/\" rel=\"tag\">Restaurant Au\u00dfenanlagen<\/a>\t\t\t<\/span>\n\t\t\t<span class=\"meta-sep\">|<\/span>\n\t\t\t\t<span class=\"comments-link\">\n\t\t\t<a href=\"https:\/\/www.mediterrane-pflanzen.eu\/index.php\/2018\/06\/06\/aussenanlage-restaurant-mixx-lilienthal-bremen\/#respond\">Leave a comment<\/a>\t\t<\/span>\n\t\t\t<\/div>\n<\/div>\n<!-- \/\/ Post Wrap End -->\n\n<!-- NOTE: If you need to make changes to this file, copy it to your current theme's main\n\tdirectory so your changes won't be overwritten when the plugin is upgraded. -->\n\n<!-- Post Wrap Start-->\n<div class=\"post hentry ivycat-post\">\n\n\t<!-- \tThis outputs the post TITLE -->\n\t<h2 class=\"entry-title\"><a href=\"https:\/\/www.mediterrane-pflanzen.eu\/index.php\/2018\/04\/06\/neugestaltung-restaurant-inselwirt-am-chiemsee\/\">Neugestaltung Restaurant Inselwirt am Chiemsee<\/a><\/h2>\n\n\t<!-- \tThis outputs the post EXCERPT.  To display full content including images and html,\n\t\treplace the_excerpt(); with the_content();  below. -->\n\t<div class=\"entry-summary\">\n\t\t<p>Angesto\u00dfen wurde dieses Projekt im Hotel und Restaurant Inselwirt am Chiemsee von dem Wunsch ein besonderes Ambiente f\u00fcr Kunden zu gestalten. Insbesondere im Sommer sind die Au\u00dfensitzpl\u00e4tze hei\u00df begehrt, und sollten f\u00fcr Besucher einen angenehmen Ort zum Verweilen bieten. Nun sorgen knorrige Olivenb\u00e4ume und frische Mandarinenstr\u00e4ucher f\u00fcr Abwechslung, w\u00e4hrend der freundliche Empfang von perfekt gestutzten &hellip;<\/p>\n<p class=\"read-more\"> <a class=\"\" href=\"https:\/\/www.mediterrane-pflanzen.eu\/index.php\/2018\/04\/06\/neugestaltung-restaurant-inselwirt-am-chiemsee\/\"> <span class=\"screen-reader-text\">Neugestaltung Restaurant Inselwirt am Chiemsee<\/span> Weiterlesen &raquo;<\/a><\/p>\n\t<\/div>\n\n\t<!--\tThis outputs the post META information -->\n\t<div class=\"entry-utility\">\n\t\t\t\t\t<span class=\"cat-links\">\n\t\t\t\t<span class=\"entry-utility-prep entry-utility-prep-cat-links\">Posted in<\/span> <a href=\"https:\/\/www.mediterrane-pflanzen.eu\/index.php\/category\/gastronomie-aussenanlagen\/\" rel=\"category tag\">Gastronomie Au\u00dfenanlagen<\/a>\t\t\t<\/span>\n\t\t\t<span class=\"meta-sep\">|<\/span>\n\t\t\t\t\t\t\t<span class=\"tag-links\">\n\t\t\t\t<span class=\"entry-utility-prep entry-utility-prep-tag-links\">Tagged<\/span> <a href=\"https:\/\/www.mediterrane-pflanzen.eu\/index.php\/tag\/restaurant-aussenanlagen\/\" rel=\"tag\">Restaurant Au\u00dfenanlagen<\/a>\t\t\t<\/span>\n\t\t\t<span class=\"meta-sep\">|<\/span>\n\t\t\t\t<span class=\"comments-link\">\n\t\t\t<a href=\"https:\/\/www.mediterrane-pflanzen.eu\/index.php\/2018\/04\/06\/neugestaltung-restaurant-inselwirt-am-chiemsee\/#respond\">Leave a comment<\/a>\t\t<\/span>\n\t\t\t<\/div>\n<\/div>\n<!-- \/\/ Post Wrap End -->\n\n","protected":false},"excerpt":{"rendered":"","protected":false},"author":1,"featured_media":0,"parent":0,"menu_order":0,"comment_status":"closed","ping_status":"closed","template":"","meta":{"site-sidebar-layout":"default","site-content-layout":"default","ast-global-header-display":"","ast-main-header-display":"","ast-hfb-above-header-display":"","ast-hfb-below-header-display":"","ast-hfb-mobile-header-display":"","site-post-title":"","ast-breadcrumbs-content":"","ast-featured-img":"","footer-sml-layout":"","theme-transparent-header-meta":"","adv-header-id-meta":"","stick-header-meta":"","header-above-stick-meta":"","header-main-stick-meta":"","header-below-stick-meta":"","footnotes":""},"class_list":["post-119","page","type-page","status-publish","hentry"],"_links":{"self":[{"href":"https:\/\/www.mediterrane-pflanzen.eu\/index.php\/wp-json\/wp\/v2\/pages\/119","targetHints":{"allow":["GET"]}}],"collection":[{"href":"https:\/\/www.mediterrane-pflanzen.eu\/index.php\/wp-json\/wp\/v2\/pages"}],"about":[{"href":"https:\/\/www.mediterrane-pflanzen.eu\/index.php\/wp-json\/wp\/v2\/types\/page"}],"author":[{"embeddable":true,"href":"https:\/\/www.mediterrane-pflanzen.eu\/index.php\/wp-json\/wp\/v2\/users\/1"}],"replies":[{"embeddable":true,"href":"https:\/\/www.mediterrane-pflanzen.eu\/index.php\/wp-json\/wp\/v2\/comments?post=119"}],"version-history":[{"count":4,"href":"https:\/\/www.mediterrane-pflanzen.eu\/index.php\/wp-json\/wp\/v2\/pages\/119\/revisions"}],"predecessor-version":[{"id":303,"href":"https:\/\/www.mediterrane-pflanzen.eu\/index.php\/wp-json\/wp\/v2\/pages\/119\/revisions\/303"}],"wp:attachment":[{"href":"https:\/\/www.mediterrane-pflanzen.eu\/index.php\/wp-json\/wp\/v2\/media?parent=119"}],"curies":[{"name":"wp","href":"https:\/\/api.w.org\/{rel}","templated":true}]}}